{"id":2743,"date":"2024-04-08T09:28:26","date_gmt":"2024-04-08T09:28:26","guid":{"rendered":"http:\/\/clapat-themes.com\/wordpress\/montoya\/?page_id=2743"},"modified":"2024-12-04T07:57:23","modified_gmt":"2024-12-04T13:57:23","slug":"about","status":"publish","type":"page","link":"https:\/\/smarq.com.mx\/?page_id=2743","title":{"rendered":"Sobre Nosotros"},"content":{"rendered":"\n<div class=\"wp-block-montoya-gutenberg-container content-row dark-section normal\" data-bgcolor=\"#0c0c0c\" style=\"text-align:left\">\n<div class=\"wp-block-montoya-gutenberg-clipped-image clipped-image-wrapper\"><div class=\"clipped-image-pin\"><div class=\"clipped-image\"><img decoding=\"async\" src=\"http:\/\/smarq.com.mx\/wp-content\/uploads\/2024\/10\/MG_5830__-scaled-e1728499324251.jpg\" alt=\"\"\/><div class=\"content-video-wrapper\"><video class=\"bgvid\" loop muted playsinline><source src=\"http:\/\/clapat.ro\/themes\/montoya\/images\/about.mp4\" type=\"video\/mp4\"\/><\/video><\/div><div class=\"clipped-image-gradient\"><\/div><\/div><\/div><div class=\"clipped-image-content content-full-width\"><\/div><\/div>\n<\/div>\n\n\n\n<div class=\"wp-block-montoya-gutenberg-container content-row light-section normal row_padding_top row_padding_bottom change-header-color has-clip-path\" data-bgcolor=\"#ffffff\" style=\"text-align:left\">\n<div class=\"wp-block-columns pinned-section is-layout-flex wp-container-core-columns-is-layout-9d6595d7 wp-block-columns-is-layout-flex\">\n<div class=\"wp-block-column pinned-element left is-layout-flow wp-block-column-is-layout-flow\">\n<h2 class=\"wp-block-heading big-title primary-font-title no-margins\">Nuestros Servicios<\/h2>\n<\/div>\n\n\n\n<div class=\"wp-block-column scrolling-element right is-layout-flow wp-block-column-is-layout-flow\">\n<dl class=\"wp-block-montoya-gutenberg-accordion accordion small-acc\">\n<dt><span class=\"link\">Dise\u00f1o Arquitect\u00f3nico<\/span><div class=\"acc-icon-wrap parallax-wrap\"><div class=\"acc-button-icon parallax-element\"><i class=\"fa fa-arrow-right\"><\/i><\/div><\/div><\/dt><dd class=\"accordion-content\">Creamos espacios funcionales y est\u00e9ticamente atractivos que reflejan la identidad de nuestros clientes, fusionando innovaci\u00f3n y practicidad.<\/dd>\n\n\n\n<dt><span class=\"link\">Proyectos Residenciales<\/span><div class=\"acc-icon-wrap parallax-wrap\"><div class=\"acc-button-icon parallax-element\"><i class=\"fa fa-arrow-right\"><\/i><\/div><\/div><\/dt><dd class=\"accordion-content\">Dise\u00f1amos hogares personalizados que combinan confort, estilo y sostenibilidad, adaptados a las necesidades \u00fanicas de cada cliente.<\/dd>\n\n\n\n<dt><span class=\"link\">Interiorismo<\/span><div class=\"acc-icon-wrap parallax-wrap\"><div class=\"acc-button-icon parallax-element\"><i class=\"fa fa-arrow-right\"><\/i><\/div><\/div><\/dt><dd class=\"accordion-content\">Transformamos interiores en ambientes \u00fanicos, seleccionando cuidadosamente materiales, acabados y mobiliario para cada espacio.<\/dd>\n\n\n\n<dt><span class=\"link\">Remodelaciones y Renovaciones<\/span><div class=\"acc-icon-wrap parallax-wrap\"><div class=\"acc-button-icon parallax-element\"><i class=\"fa fa-arrow-right\"><\/i><\/div><\/div><\/dt><dd class=\"accordion-content\">Modernizamos y restauramos espacios para revitalizarlos, respetando su esencia original y adapt\u00e1ndolos a las necesidades actuales.<\/dd>\n\n\n\n<dt><span class=\"link\">Supervisi\u00f3n de Obras<\/span><div class=\"acc-icon-wrap parallax-wrap\"><div class=\"acc-button-icon parallax-element\"><i class=\"fa fa-arrow-right\"><\/i><\/div><\/div><\/dt><dd class=\"accordion-content\">Garantizamos que cada etapa de la construcci\u00f3n cumpla con los est\u00e1ndares m\u00e1s altos de calidad y dise\u00f1o.<\/dd>\n\n\n\n<dt><span class=\"link\">Consultor\u00eda Arquitect\u00f3nica<\/span><div class=\"acc-icon-wrap parallax-wrap\"><div class=\"acc-button-icon parallax-element\"><i class=\"fa fa-arrow-right\"><\/i><\/div><\/div><\/dt><dd class=\"accordion-content\">Ofrecemos an\u00e1lisis detallados y soluciones estrat\u00e9gicas para optimizar cada proyecto arquitect\u00f3nico.<\/dd>\n\n\n\n<dt><span class=\"link\">Renderizado y Modelado 3D<\/span><div class=\"acc-icon-wrap parallax-wrap\"><div class=\"acc-button-icon parallax-element\"><i class=\"fa fa-arrow-right\"><\/i><\/div><\/div><\/dt><dd class=\"accordion-content\">Creamos visualizaciones realistas en 3D para que vivas el proyecto antes de construirlo, con cada detalle bien definido.<\/dd>\n\n\n\n<dt><span class=\"link\">Gesti\u00f3n de Proyectos<\/span><div class=\"acc-icon-wrap parallax-wrap\"><div class=\"acc-button-icon parallax-element\"><i class=\"fa fa-arrow-right\"><\/i><\/div><\/div><\/dt><dd class=\"accordion-content\">Gestionamos proyectos desde la idea hasta la entrega, asegurando cumplimiento de tiempos, costos y objetivos.<\/dd>\n\n\n\n<dt><span class=\"link\">An\u00e1lisis de Viabilidad de Proyectos<\/span><div class=\"acc-icon-wrap parallax-wrap\"><div class=\"acc-button-icon parallax-element\"><i class=\"fa fa-arrow-right\"><\/i><\/div><\/div><\/dt><dd class=\"accordion-content\">Evaluamos la factibilidad t\u00e9cnica y econ\u00f3mica de proyectos para garantizar su \u00e9xito desde el inicio.<\/dd>\n<\/dl>\n<\/div>\n<\/div>\n<\/div>\n\n\n\n<div class=\"wp-block-montoya-gutenberg-container content-row dark-section full row_padding_top row_padding_bottom\" data-bgcolor=\"#0c0c0c\" style=\"text-align:center\">\n<ul class=\"wp-block-montoya-gutenberg-team-members team-members-list\" data-fx=\"1\">\n<li class=\"link has-hover-image\" data-img=\"http:\/\/smarq.com.mx\/wp-content\/uploads\/2024\/10\/MG_5802__-scaled.jpg\"><div class=\"team-member has-animation\"><span><\/span><div class=\"primary-font-title\">Marcos Mustri<\/div><span>Socio<\/span><\/div><\/li>\n\n\n\n<li class=\"link has-hover-image\" data-img=\"http:\/\/smarq.com.mx\/wp-content\/uploads\/2024\/10\/MG_5836__-scaled.jpg\"><div class=\"team-member has-animation\"><span><\/span><div class=\"primary-font-title\">Salomon Mustri<\/div><span>Socio<\/span><\/div><\/li>\n<\/ul>\n<\/div>\n","protected":false},"excerpt":{"rendered":"","protected":false},"author":1,"featured_media":0,"parent":0,"menu_order":0,"comment_status":"closed","ping_status":"closed","template":"","meta":{"footnotes":""},"class_list":["post-2743","page","type-page","status-publish","hentry"],"_links":{"self":[{"href":"https:\/\/smarq.com.mx\/index.php?rest_route=\/wp\/v2\/pages\/2743","targetHints":{"allow":["GET"]}}],"collection":[{"href":"https:\/\/smarq.com.mx\/index.php?rest_route=\/wp\/v2\/pages"}],"about":[{"href":"https:\/\/smarq.com.mx\/index.php?rest_route=\/wp\/v2\/types\/page"}],"author":[{"embeddable":true,"href":"https:\/\/smarq.com.mx\/index.php?rest_route=\/wp\/v2\/users\/1"}],"replies":[{"embeddable":true,"href":"https:\/\/smarq.com.mx\/index.php?rest_route=%2Fwp%2Fv2%2Fcomments&post=2743"}],"version-history":[{"count":16,"href":"https:\/\/smarq.com.mx\/index.php?rest_route=\/wp\/v2\/pages\/2743\/revisions"}],"predecessor-version":[{"id":3619,"href":"https:\/\/smarq.com.mx\/index.php?rest_route=\/wp\/v2\/pages\/2743\/revisions\/3619"}],"wp:attachment":[{"href":"https:\/\/smarq.com.mx\/index.php?rest_route=%2Fwp%2Fv2%2Fmedia&parent=2743"}],"curies":[{"name":"wp","href":"https:\/\/api.w.org\/{rel}","templated":true}]}}